{"id":11,"date":"2022-03-03T14:40:54","date_gmt":"2022-03-03T14:40:54","guid":{"rendered":"https:\/\/harka.is\/?page_id=11"},"modified":"2022-03-24T20:44:53","modified_gmt":"2022-03-24T20:44:53","slug":"forsida","status":"publish","type":"page","link":"https:\/\/harka.is\/","title":{"rendered":"Lakro margfaldar slit\u00feol g\u00f3lfa"},"content":{"rendered":"<p>[et_pb_section fb_built=&#8220;1&#8243; admin_label=&#8220;Header&#8220; _builder_version=&#8220;4.14.8&#8243; use_background_color_gradient=&#8220;on&#8220; background_color_gradient_start=&#8220;rgba(0,0,0,0.49)&#8220; background_color_gradient_end=&#8220;rgba(0,0,0,0.6)&#8220; background_color_gradient_overlays_image=&#8220;on&#8220; background_image=&#8220;http:\/\/harka.is\/wp-content\/uploads\/2022\/03\/s1.jpg&#8220; custom_margin=&#8220;||||false&#8220; custom_padding=&#8220;10vw||10vw||true|false&#8220; global_colors_info=&#8220;{}&#8220;][et_pb_row _builder_version=&#8220;3.25&#8243; max_width=&#8220;700px&#8220; use_custom_width=&#8220;on&#8220; custom_width_px=&#8220;700px&#8220; global_colors_info=&#8220;{}&#8220;][et_pb_column type=&#8220;4_4&#8243; _builder_version=&#8220;3.25&#8243; custom_padding=&#8220;|||&#8220; global_colors_info=&#8220;{}&#8220; custom_padding__hover=&#8220;|||&#8220;][et_pb_text _builder_version=&#8220;4.14.8&#8243; text_font=&#8220;||||||||&#8220; header_font=&#8220;Playfair Display|700|||||||&#8220; header_font_size=&#8220;48px&#8220; header_line_height=&#8220;1.5em&#8220; header_3_font=&#8220;Rubik|500||on|||||&#8220; header_3_text_color=&#8220;#0C71C3&#8243; header_3_font_size=&#8220;14px&#8220; header_3_letter_spacing=&#8220;2px&#8220; header_3_line_height=&#8220;2em&#8220; text_orientation=&#8220;center&#8220; background_layout=&#8220;dark&#8220; header_text_color_tablet=&#8220;&#8220; header_text_color_phone=&#8220;&#8220; header_text_color_last_edited=&#8220;on|phone&#8220; header_font_size_tablet=&#8220;38px&#8220; header_font_size_phone=&#8220;28px&#8220; header_font_size_last_edited=&#8220;on|phone&#8220; global_colors_info=&#8220;{}&#8220;]<\/p>\n<h3>Lakro<\/h3>\n<h1>Lakro margfaldar slit\u00feol g\u00f3lfa<\/h1>\n<p>[\/et_pb_text][et_pb_divider color=&#8220;#0C71C3&#8243; divider_weight=&#8220;4px&#8220; _builder_version=&#8220;4.14.8&#8243; max_width=&#8220;140px&#8220; module_alignment=&#8220;center&#8220; height=&#8220;4px&#8220; global_colors_info=&#8220;{}&#8220;][\/et_pb_divider][et_pb_text _builder_version=&#8220;4.14.8&#8243; text_font=&#8220;||||||||&#8220; text_font_size=&#8220;16px&#8220; text_line_height=&#8220;2em&#8220; text_orientation=&#8220;center&#8220; background_layout=&#8220;dark&#8220; custom_margin=&#8220;60px||60px||true&#8220; global_colors_info=&#8220;{}&#8220;]B\u00edlast\u00e6\u00f0ag\u00f3lf me\u00f0h\u00f6ndla\u00f0 \u00e1ri\u00f0 2015 og er \u00fev\u00ed \u00e1 s\u00ednum sj\u00f6unda nagladekkjavetri.[\/et_pb_text][\/et_pb_column][\/et_pb_row][\/et_pb_section][et_pb_section fb_built=&#8220;1&#8243; admin_label=&#8220;About&#8220; _builder_version=&#8220;3.22&#8243; global_colors_info=&#8220;{}&#8220;][et_pb_row column_structure=&#8220;3_5,2_5&#8243; _builder_version=&#8220;4.14.8&#8243; _module_preset=&#8220;default&#8220; global_colors_info=&#8220;{}&#8220;][et_pb_column type=&#8220;3_5&#8243; _builder_version=&#8220;4.14.8&#8243; _module_preset=&#8220;default&#8220; global_colors_info=&#8220;{}&#8220;][et_pb_text _builder_version=&#8220;4.14.8&#8243; _module_preset=&#8220;default&#8220; header_font=&#8220;Playfair Display||||||||&#8220; header_text_align=&#8220;center&#8220; global_colors_info=&#8220;{}&#8220;]<\/p>\n<h1>Ekkert ryk &#8211; Ekkert slit<\/h1>\n<p>[\/et_pb_text][et_pb_text _builder_version=&#8220;4.14.8&#8243; _module_preset=&#8220;default&#8220; global_colors_info=&#8220;{}&#8220;]<strong>LAKRO gegndreypiefni\u00f0<\/strong> hefur veri\u00f0 nota\u00f0 \u00e1 \u00cdslandi fr\u00e1 \u00fev\u00ed um aldam\u00f3tin s\u00ed\u00f0ustu og \u00dea\u00f0 m\u00e1 me\u00f0 sanni segja a\u00f0 LAKRO hafi slegi\u00f0 r\u00e6kilega \u00ed gegn \u00e1 \u00feeim \u00e1rum sem \u00fea\u00f0 hefur veri\u00f0 \u00e1 \u00edslenskum marka\u00f0i. Efni\u00f0 er \u00e6tla\u00f0 a\u00f0 rykbinda, \u00fe\u00e9tta og styrkja g\u00f3lf \u00e1 i\u00f0na\u00f0arh\u00fasum og b\u00edlast\u00e6\u00f0um me\u00f0 \u00fev\u00ed a\u00f0 bindast steypunni. \u00deannig styrkist yfirbor\u00f0 g\u00f3lfsins og n\u00e6r h\u00f6rku \u00e1 vi\u00f0 st\u00e1l. Efni\u00f0 byggir \u00e1 s\u00edlik\u00f6tum og er algj\u00f6rlega \u00e1n allra eiturefna e\u00f0a efna sem ska\u00f0a umhverfi og n\u00e1tt\u00faru. Efni\u00f0 er CE merkt og \u00fev\u00ed vi\u00f0urkennt \u00ed Evr\u00f3pu.<br \/>\n<strong>Munurinn \u00e1 gegndreypiefni og yfirbor\u00f0sefnum<\/strong> eins og t.d. m\u00e1lningu er a\u00f0 yfirbor\u00f0sefni flagna e\u00f0a ey\u00f0ast me\u00f0 t\u00edmanum en gegndreypiefni\u00f0 helst \u00ed g\u00f3lfinu og endist l\u00edft\u00edma steypunnar. \u00deannig fer gegndreypiefni\u00f0 inn \u00ed g\u00f3lfi\u00f0 og ver\u00f0ur hluti af yfirbor\u00f0inu.<br \/>\nMe\u00f0 \u00f6\u00f0rum or\u00f0um \u00fe\u00e1 getur \u00fe\u00fa veri\u00f0 me\u00f0 vi\u00f0haldsfr\u00edtt g\u00f3lf um aldur og \u00e6fi. G\u00f3lfi\u00f0 ver\u00f0ur bara sterkara og sterkara me\u00f0 \u00e1runum. G\u00f3lfi\u00f0 ver\u00f0ur sterkt sem st\u00e1l og \u00feolir alla almenna notkun og \u00feegar fullri h\u00f6rku er n\u00e1\u00f0 ver\u00f0a nagladekk ekkert vandam\u00e1l.<br \/>\nA\u00f0 auki ver\u00f0ur g\u00f3lfi\u00f0 algj\u00f6rlega rykfr\u00edtt \u00fear sem ekkert kvarnast upp \u00far \u00fev\u00ed.<br \/>\nLakro er bara selt \u00e1komi\u00f0 \u00e1 g\u00f3lf. \u00dea\u00f0 er vegna \u00feess a\u00f0 \u00e1kve\u00f0innar \u00feekkingar er \u00fe\u00f6rf til a\u00f0 r\u00e9tt s\u00e9 unni\u00f0 vi\u00f0 \u00e1lagningu.<br \/>\nA\u00f0eins l\u00ed\u00f0a nokkrir klukkut\u00edmar fr\u00e1 \u00fev\u00ed a\u00f0 verk er hafi\u00f0 \u00feanga\u00f0 til me\u00f0h\u00f6ndla\u00f0 g\u00f3lf er tilb\u00fai\u00f0 til notkunar aftur.<br \/>\nVerkt\u00edmi er \u00fe\u00f3 h\u00e1\u00f0ur hitastigi. \u00deannig v\u00e6ri t.d. h\u00e6gt a\u00f0 me\u00f0h\u00f6ndla fl\u00f6t \u00ed b\u00edlast\u00e6\u00f0ah\u00fasi me\u00f0an flestir eru \u00e1 braut vegna starfa.<br \/>\nEf \u00fe\u00fa \u00e1kve\u00f0ur a\u00f0 l\u00e1ta Lakro gegndreypiefni \u00e1 g\u00f3lfi\u00f0 hj\u00e1 \u00fe\u00e9r \u00fe\u00e1 ertu komin \u00ed h\u00f3p me\u00f0 a\u00f0ilum eins og: <strong>H\u00fasasmi\u00f0junni, Byko, Samskipum, Fluglei\u00f0um, S\u00edldarvinnslunni \u00e1 Neskaupssta\u00f0, Sigurplasti, Leifsst\u00f6\u00f0, V\u00e9lsmi\u00f0junni Norma, Sindrast\u00e1li, Agli Skallagr\u00edmssyni, \u00cdslandsp\u00f3sti, Landvirkjun, Atlantsskipum, TVG Ziemsen, \u00c1 Gu\u00f0mundssyni h\u00fasgagnager\u00f0, B\u00edlast\u00e6\u00f0i \u00ed M\u00e1nat\u00fani, Gullsm\u00e1ra, Bo\u00f0a\u00feingi og \u00ed Skugga.<\/strong><br \/>\n<strong>Bananar hf., John Linsay, Inness<\/strong> og <strong>Garri<\/strong> \u00e1samt n\u00fdju vi\u00f0haldsk\u00fdli <strong>Icelandair<\/strong> \u00e1 Keflav\u00edkurflugvelli eru allt a\u00f0ilar me\u00f0 Lakro \u00e1 s\u00ednum g\u00f3lfum. Me\u00f0al s\u00ed\u00f0ari verkefna m\u00e1 nefna g\u00f3lf <strong>K\u00f6funar\u00fej\u00f3nustunnar \u00ed Hafnarfir\u00f0i<\/strong> og <strong>B\u00edlast\u00e6\u00f0ah\u00fas fyrir Eik fasteignaf\u00e9lag<\/strong> \u00ed Borgart\u00fani og Su\u00f0urlandsbraut.<br \/>\nN\u00fd h\u00fas <strong>Hs Orku<\/strong> \u00ed Hafnarfir\u00f0i, <strong>A\u00f0fanga<\/strong> \u00ed Sundah\u00f6fn, <strong>H\u00fasasmi\u00f0junnar \u00e1 Akureyri og BYKO \u00ed Hafnarfir\u00f0i<\/strong> eru \u00f6ll me\u00f0 <strong>Harka Glans<\/strong> me\u00f0h\u00f6ndlunarkerfinu \u00fear sem <strong>LAKRO<\/strong> efni\u00f0 er hluti af.<br \/>\nEf \u00fe\u00fa vilt kynna \u00fe\u00e9r \u00feessa lausn n\u00e1nar hafi\u00f0 \u00fe\u00e1 endilega samband \u00e1 harka@harka.is og \u00fe\u00e9r ver\u00f0ur svara\u00f0 eins flj\u00f3tt og au\u00f0i\u00f0 er.[\/et_pb_text][\/et_pb_column][et_pb_column type=&#8220;2_5&#8243; _builder_version=&#8220;4.14.8&#8243; _module_preset=&#8220;default&#8220; global_colors_info=&#8220;{}&#8220;][et_pb_text _builder_version=&#8220;4.14.8&#8243; _module_preset=&#8220;default&#8220; global_colors_info=&#8220;{}&#8220;][\/et_pb_text][et_pb_text _builder_version=&#8220;4.14.8&#8243; _module_preset=&#8220;default&#8220; header_font=&#8220;Playfair Display||||||||&#8220; header_text_align=&#8220;center&#8220; global_colors_info=&#8220;{}&#8220;]<\/p>\n<h1>Harka glans kerfi\u00f0<\/h1>\n<p>[\/et_pb_text][et_pb_text _builder_version=&#8220;4.14.8&#8243; _module_preset=&#8220;default&#8220; text_orientation=&#8220;center&#8220; global_colors_info=&#8220;{}&#8220;]<\/p>\n<p>Hvernig h\u00e6gt er a\u00f0 gera g\u00f3lfi\u00f0 glansandi, sterkt og rykbundi\u00f0 \u00e1n \u00feess a\u00f0 lakka e\u00f0a m\u00e1la.<\/p>\n<p>[\/et_pb_text][et_pb_button button_url=&#8220;@ET-DC@eyJkeW5hbWljIjp0cnVlLCJjb250ZW50IjoicG9zdF9saW5rX3VybF9wYWdlIiwic2V0dGluZ3MiOnsicG9zdF9pZCI6IjQxIn19@&#8220; button_text=&#8220;Lesa meira&#8220; button_alignment=&#8220;center&#8220; _builder_version=&#8220;4.14.8&#8243; _dynamic_attributes=&#8220;button_url&#8220; _module_preset=&#8220;default&#8220; custom_button=&#8220;on&#8220; button_text_size=&#8220;10px&#8220; button_text_color=&#8220;#FFFFFF&#8220; button_bg_color=&#8220;#ef3b24&#8243; button_border_color=&#8220;RGBA(255,255,255,0)&#8220; button_border_radius=&#8220;2px&#8220; button_font=&#8220;Rubik|500||on|||||&#8220; button_use_icon=&#8220;off&#8220; custom_padding=&#8220;16px|32px|16px|32px|false|false&#8220; global_colors_info=&#8220;{}&#8220;][\/et_pb_button][et_pb_text _builder_version=&#8220;4.14.8&#8243; _module_preset=&#8220;default&#8220; header_font=&#8220;Playfair Display||||||||&#8220; header_text_align=&#8220;center&#8220; global_colors_info=&#8220;{}&#8220;]<\/p>\n<h1>N\u00faningspr\u00f3fun<\/h1>\n<p>[\/et_pb_text][et_pb_text _builder_version=&#8220;4.14.8&#8243; _module_preset=&#8220;default&#8220; text_orientation=&#8220;center&#8220; global_colors_info=&#8220;{}&#8220;]<\/p>\n<p>N\u00fdlega voru ger\u00f0ar pr\u00f3fanir \u00e1 n\u00fanings\u00feoli LAKRO me\u00f0h\u00f6ndla\u00f0ar steypu samanbori\u00f0 vi\u00f0 \u00f3me\u00f0h\u00f6ndla\u00f0a.<\/p>\n<p>[\/et_pb_text][et_pb_button button_url=&#8220;@ET-DC@eyJkeW5hbWljIjp0cnVlLCJjb250ZW50IjoicG9zdF9saW5rX3VybF9wYWdlIiwic2V0dGluZ3MiOnsicG9zdF9pZCI6IjQ2In19@&#8220; button_text=&#8220;Lesa meira&#8220; button_alignment=&#8220;center&#8220; _builder_version=&#8220;4.14.8&#8243; _dynamic_attributes=&#8220;button_url&#8220; _module_preset=&#8220;default&#8220; custom_button=&#8220;on&#8220; button_text_size=&#8220;10px&#8220; button_text_color=&#8220;#FFFFFF&#8220; button_bg_color=&#8220;#ef3b24&#8243; button_border_color=&#8220;RGBA(255,255,255,0)&#8220; button_border_radius=&#8220;2px&#8220; button_font=&#8220;Rubik|500||on|||||&#8220; button_use_icon=&#8220;off&#8220; custom_padding=&#8220;16px|32px|16px|32px|false|false&#8220; global_colors_info=&#8220;{}&#8220;][\/et_pb_button][\/et_pb_column][\/et_pb_row][\/et_pb_section]<\/p>\n","protected":false},"excerpt":{"rendered":"<p>Lakro Lakro margfaldar slit\u00feol g\u00f3lfaB\u00edlast\u00e6\u00f0ag\u00f3lf me\u00f0h\u00f6ndla\u00f0 \u00e1ri\u00f0 2015 og er \u00fev\u00ed \u00e1 s\u00ednum sj\u00f6unda nagladekkjavetri.Ekkert ryk &#8211; Ekkert slitLAKRO gegndreypiefni\u00f0 hefur veri\u00f0 nota\u00f0 \u00e1 \u00cdslandi fr\u00e1 \u00fev\u00ed um aldam\u00f3tin s\u00ed\u00f0ustu og \u00dea\u00f0 m\u00e1 me\u00f0 sanni segja a\u00f0 LAKRO hafi slegi\u00f0 r\u00e6kilega \u00ed gegn \u00e1 \u00feeim \u00e1rum sem \u00fea\u00f0 hefur veri\u00f0 \u00e1 \u00edslenskum marka\u00f0i. Efni\u00f0 er [&hellip;]<\/p>\n","protected":false},"author":1,"featured_media":0,"parent":0,"menu_order":0,"comment_status":"closed","ping_status":"closed","template":"","meta":{"_et_pb_use_builder":"on","_et_pb_old_content":"","_et_gb_content_width":"","_monsterinsights_skip_tracking":false,"_monsterinsights_sitenote_active":false,"_monsterinsights_sitenote_note":"","_monsterinsights_sitenote_category":0,"footnotes":""},"class_list":["post-11","page","type-page","status-publish","hentry"],"_links":{"self":[{"href":"https:\/\/harka.is\/index.php\/wp-json\/wp\/v2\/pages\/11","targetHints":{"allow":["GET"]}}],"collection":[{"href":"https:\/\/harka.is\/index.php\/wp-json\/wp\/v2\/pages"}],"about":[{"href":"https:\/\/harka.is\/index.php\/wp-json\/wp\/v2\/types\/page"}],"author":[{"embeddable":true,"href":"https:\/\/harka.is\/index.php\/wp-json\/wp\/v2\/users\/1"}],"replies":[{"embeddable":true,"href":"https:\/\/harka.is\/index.php\/wp-json\/wp\/v2\/comments?post=11"}],"version-history":[{"count":18,"href":"https:\/\/harka.is\/index.php\/wp-json\/wp\/v2\/pages\/11\/revisions"}],"predecessor-version":[{"id":173,"href":"https:\/\/harka.is\/index.php\/wp-json\/wp\/v2\/pages\/11\/revisions\/173"}],"wp:attachment":[{"href":"https:\/\/harka.is\/index.php\/wp-json\/wp\/v2\/media?parent=11"}],"curies":[{"name":"wp","href":"https:\/\/api.w.org\/{rel}","templated":true}]}}