{"id":41,"date":"2022-03-03T14:41:57","date_gmt":"2022-03-03T14:41:57","guid":{"rendered":"https:\/\/harka.is\/?page_id=41"},"modified":"2023-06-19T09:53:15","modified_gmt":"2023-06-19T09:53:15","slug":"harka-glans","status":"publish","type":"page","link":"https:\/\/harka.is\/index.php\/harka-glans\/","title":{"rendered":"Harka glans"},"content":{"rendered":"<p>[et_pb_section fb_built=&#8220;1&#8243; admin_label=&#8220;Header&#8220; _builder_version=&#8220;4.16&#8243; use_background_color_gradient=&#8220;on&#8220; background_color_gradient_stops=&#8220;rgba(0,0,0,0.49) 0%|rgba(0,0,0,0.6) 100%&#8220; background_color_gradient_overlays_image=&#8220;on&#8220; background_color_gradient_start=&#8220;rgba(0,0,0,0.49)&#8220; background_color_gradient_end=&#8220;rgba(0,0,0,0.6)&#8220; background_image=&#8220;http:\/\/harka.is\/wp-content\/uploads\/2022\/03\/s4.jpg&#8220; custom_margin=&#8220;||||false&#8220; custom_padding=&#8220;10vw||10vw||true|false&#8220; global_colors_info=&#8220;{}&#8220;][et_pb_row _builder_version=&#8220;4.16&#8243; max_width=&#8220;700px&#8220; use_custom_width=&#8220;on&#8220; custom_width_px=&#8220;700px&#8220; global_colors_info=&#8220;{}&#8220;][et_pb_column type=&#8220;4_4&#8243; _builder_version=&#8220;4.16&#8243; custom_padding=&#8220;|||&#8220; global_colors_info=&#8220;{}&#8220; custom_padding__hover=&#8220;|||&#8220;][et_pb_text _builder_version=&#8220;4.16&#8243; text_font=&#8220;||||||||&#8220; header_font=&#8220;Playfair Display|700|||||||&#8220; header_font_size=&#8220;48px&#8220; header_line_height=&#8220;1.5em&#8220; header_3_font=&#8220;Rubik|500||on|||||&#8220; header_3_text_color=&#8220;#0C71C3&#8243; header_3_font_size=&#8220;14px&#8220; header_3_letter_spacing=&#8220;2px&#8220; header_3_line_height=&#8220;2em&#8220; text_orientation=&#8220;center&#8220; background_layout=&#8220;dark&#8220; header_font_size_tablet=&#8220;38px&#8220; header_font_size_phone=&#8220;28px&#8220; header_font_size_last_edited=&#8220;on|phone&#8220; global_colors_info=&#8220;{}&#8220;]<\/p>\n<h3>Lakro<\/h3>\n<h1>Harka glans kerfi\u00f0<\/h1>\n<p>[\/et_pb_text][et_pb_divider color=&#8220;#0C71C3&#8243; divider_weight=&#8220;4px&#8220; _builder_version=&#8220;4.16&#8243; max_width=&#8220;140px&#8220; module_alignment=&#8220;center&#8220; height=&#8220;4px&#8220; global_colors_info=&#8220;{}&#8220;][\/et_pb_divider][et_pb_text _builder_version=&#8220;4.16&#8243; text_font=&#8220;||||||||&#8220; text_font_size=&#8220;16px&#8220; text_line_height=&#8220;2em&#8220; text_orientation=&#8220;center&#8220; background_layout=&#8220;dark&#8220; custom_margin=&#8220;60px||60px||true&#8220; global_colors_info=&#8220;{}&#8220;]Harka glans gerir g\u00f3lfi\u00f0 glansandi, sterkt og rykbundi\u00f0 \u00e1n \u00feess a\u00f0 lakka e\u00f0a m\u00e1la.[\/et_pb_text][\/et_pb_column][\/et_pb_row][\/et_pb_section][et_pb_section fb_built=&#8220;1&#8243; admin_label=&#8220;About&#8220; _builder_version=&#8220;4.16&#8243; global_colors_info=&#8220;{}&#8220;][et_pb_row column_structure=&#8220;3_5,2_5&#8243; _builder_version=&#8220;4.16&#8243; _module_preset=&#8220;default&#8220; global_colors_info=&#8220;{}&#8220;][et_pb_column type=&#8220;3_5&#8243; _builder_version=&#8220;4.16&#8243; _module_preset=&#8220;default&#8220; global_colors_info=&#8220;{}&#8220;][et_pb_text _builder_version=&#8220;4.16&#8243; _module_preset=&#8220;default&#8220; header_font=&#8220;Playfair Display||||||||&#8220; header_text_align=&#8220;center&#8220; global_colors_info=&#8220;{}&#8220;]<\/p>\n<h1>Harka glans kerfi\u00f0<\/h1>\n<p>[\/et_pb_text][et_pb_text _builder_version=&#8220;4.16&#8243; _module_preset=&#8220;default&#8220; global_colors_info=&#8220;{}&#8220;]Hvernig h\u00e6gt er a\u00f0 gera g\u00f3lfi\u00f0 glansandi, sterkt og rykbundi\u00f0 \u00e1n \u00feess a\u00f0 lakka e\u00f0a m\u00e1la.<\/p>\n<p>Me\u00f0 s\u00e9rstakri v\u00e9l er mj\u00fakt yfirbor\u00f0 steypunnar skrapa\u00f0 me\u00f0 demantsstyrktum netum og s\u00ed\u00f0an nudda\u00f0 me\u00f0 mismunandi p\u00fa\u00f0um.<\/p>\n<p>Eftir nokkrar umfer\u00f0ir er g\u00f3lfi\u00f0 fari\u00f0 a\u00f0 glansa. \u00de\u00e1 er \u00fea\u00f0 me\u00f0h\u00f6ndla\u00f0 me\u00f0 Lakro LSC sem er Li\u00fe\u00edum S\u00edl\u00edkat. \u00dea\u00f0 gengur \u00ed samband vi\u00f0 Kals\u00edum H\u00fddrox\u00ed\u00f0 \u00ed yfirbor\u00f0i steypunnar sem er veikt efni og myndar miklu sterkara Kals\u00edum S\u00edlikat. \u00deannig ver\u00f0ur yfirbor\u00f0i\u00f0 mun sterkara og endingarbetra.<\/p>\n<p>Lakro LSC gengur inn \u00ed g\u00f3lfi\u00f0 og ver\u00f0ur hluti af \u00fev\u00ed. \u00deegar \u00fea\u00f0 hefur \u00feorna\u00f0 er p\u00fassa\u00f0 yfir me\u00f0 \u00e6 f\u00ednni p\u00fa\u00f0um \u00fear til g\u00f3\u00f0ur glansi hefur n\u00e1\u00f0st.<\/p>\n<p>Til a\u00f0 n\u00e1 fullkomnum glansa er Lakro Shine \u00fa\u00f0a\u00f0 yfir \u00ed lokin og s\u00ed\u00f0an p\u00fassa\u00f0 me\u00f0 mj\u00f6g f\u00ednum p\u00fa\u00f0a.<\/p>\n<p>\u00dea\u00f0 skal \u00fe\u00f3 teki\u00f0 fram a\u00f0 Lakro Shine fer ekki inn \u00ed g\u00f3lfi\u00f0 nema a\u00f0 litlu leiti og \u00fearf \u00fev\u00ed a\u00f0 endurtaka \u00fe\u00e1 me\u00f0h\u00f6ndlun reglulega.<\/p>\n<p>Glanskerfi\u00f0 er nota\u00f0 v\u00ed\u00f0a, t.d. \u00ed verksmi\u00f0jum, verslunarmi\u00f0st\u00f6\u00f0um, b\u00edlast\u00e6\u00f0um, sk\u00f3lum og sj\u00fakarstofnunum svo eitthva\u00f0 s\u00e9 nefnt.<\/p>\n<p>Me\u00f0 \u00feessari a\u00f0fer\u00f0 ver\u00f0ur g\u00f3lfi\u00f0 mj\u00f6g sterkt, \u00fe\u00e9tt og rykbundi\u00f0.<\/p>\n<p>Kostir Harka Glans kerfisins eru m.a.<\/p>\n<p>Kerfi\u00f0 vinnur \u00ed g\u00f3lfinu en ekki \u00e1, \u00fear af lei\u00f0andi er ekkert sem flagnar.<br \/>\n\u00d3d\u00fdrara en flest \u00f6nnur kerfi.<br \/>\nG\u00f3lfi\u00f0 ver\u00f0ur miklu lj\u00f3sara.<br \/>\nMj\u00f6g au\u00f0velt a\u00f0 \u00fer\u00edfa \u00fear sem g\u00f3lfi\u00f0 er n\u00e1nast or\u00f0i\u00f0 alveg \u00fe\u00e9tt. S\u00e9rstaklega ef Lakro Shine er nota\u00f0 l\u00edka.<br \/>\nEndist miklu lengur en flest m\u00e1lning.[\/et_pb_text][\/et_pb_column][et_pb_column type=&#8220;2_5&#8243; _builder_version=&#8220;4.16&#8243; _module_preset=&#8220;default&#8220; global_colors_info=&#8220;{}&#8220;][et_pb_text _builder_version=&#8220;4.16&#8243; _module_preset=&#8220;default&#8220; global_colors_info=&#8220;{}&#8220;][\/et_pb_text][et_pb_text _builder_version=&#8220;4.16&#8243; _module_preset=&#8220;default&#8220; global_colors_info=&#8220;{}&#8220;][\/et_pb_text][et_pb_image src=&#8220;http:\/\/harka.is\/wp-content\/uploads\/2022\/03\/glans4.jpg&#8220; title_text=&#8220;glans4&#8243; show_in_lightbox=&#8220;on&#8220; _builder_version=&#8220;4.16&#8243; _module_preset=&#8220;default&#8220; width=&#8220;50%&#8220; global_colors_info=&#8220;{}&#8220;][\/et_pb_image][et_pb_image src=&#8220;http:\/\/harka.is\/wp-content\/uploads\/2022\/03\/glans3.jpg&#8220; title_text=&#8220;glans3&#8243; show_in_lightbox=&#8220;on&#8220; _builder_version=&#8220;4.16&#8243; _module_preset=&#8220;default&#8220; width=&#8220;50%&#8220; global_colors_info=&#8220;{}&#8220;][\/et_pb_image][et_pb_image src=&#8220;http:\/\/harka.is\/wp-content\/uploads\/2022\/03\/glans2.jpg&#8220; title_text=&#8220;glans2&#8243; show_in_lightbox=&#8220;on&#8220; _builder_version=&#8220;4.16&#8243; _module_preset=&#8220;default&#8220; width=&#8220;50%&#8220; global_colors_info=&#8220;{}&#8220;][\/et_pb_image][et_pb_image src=&#8220;http:\/\/harka.is\/wp-content\/uploads\/2022\/03\/glans5.jpg&#8220; title_text=&#8220;glans5&#8243; show_in_lightbox=&#8220;on&#8220; _builder_version=&#8220;4.16&#8243; _module_preset=&#8220;default&#8220; width=&#8220;50%&#8220; global_colors_info=&#8220;{}&#8220;][\/et_pb_image][\/et_pb_column][\/et_pb_row][\/et_pb_section]<\/p>\n","protected":false},"excerpt":{"rendered":"<p>Lakro Harka glans kerfi\u00f0Harka glans gerir g\u00f3lfi\u00f0 glansandi, sterkt og rykbundi\u00f0 \u00e1n \u00feess a\u00f0 lakka e\u00f0a m\u00e1la.Harka glans kerfi\u00f0Hvernig h\u00e6gt er a\u00f0 gera g\u00f3lfi\u00f0 glansandi, sterkt og rykbundi\u00f0 \u00e1n \u00feess a\u00f0 lakka e\u00f0a m\u00e1la. Me\u00f0 s\u00e9rstakri v\u00e9l er mj\u00fakt yfirbor\u00f0 steypunnar skrapa\u00f0 me\u00f0 demantsstyrktum netum og s\u00ed\u00f0an nudda\u00f0 me\u00f0 mismunandi p\u00fa\u00f0um. Eftir nokkrar umfer\u00f0ir er [&hellip;]<\/p>\n","protected":false},"author":1,"featured_media":0,"parent":0,"menu_order":0,"comment_status":"closed","ping_status":"closed","template":"","meta":{"_et_pb_use_builder":"on","_et_pb_old_content":"","_et_gb_content_width":"","_monsterinsights_skip_tracking":false,"_monsterinsights_sitenote_active":false,"_monsterinsights_sitenote_note":"","_monsterinsights_sitenote_category":0,"footnotes":""},"class_list":["post-41","page","type-page","status-publish","hentry"],"_links":{"self":[{"href":"https:\/\/harka.is\/index.php\/wp-json\/wp\/v2\/pages\/41","targetHints":{"allow":["GET"]}}],"collection":[{"href":"https:\/\/harka.is\/index.php\/wp-json\/wp\/v2\/pages"}],"about":[{"href":"https:\/\/harka.is\/index.php\/wp-json\/wp\/v2\/types\/page"}],"author":[{"embeddable":true,"href":"https:\/\/harka.is\/index.php\/wp-json\/wp\/v2\/users\/1"}],"replies":[{"embeddable":true,"href":"https:\/\/harka.is\/index.php\/wp-json\/wp\/v2\/comments?post=41"}],"version-history":[{"count":13,"href":"https:\/\/harka.is\/index.php\/wp-json\/wp\/v2\/pages\/41\/revisions"}],"predecessor-version":[{"id":190,"href":"https:\/\/harka.is\/index.php\/wp-json\/wp\/v2\/pages\/41\/revisions\/190"}],"wp:attachment":[{"href":"https:\/\/harka.is\/index.php\/wp-json\/wp\/v2\/media?parent=41"}],"curies":[{"name":"wp","href":"https:\/\/api.w.org\/{rel}","templated":true}]}}