{"id":51,"date":"2022-03-03T14:42:50","date_gmt":"2022-03-03T14:42:50","guid":{"rendered":"https:\/\/harka.is\/?page_id=51"},"modified":"2023-08-31T21:20:44","modified_gmt":"2023-08-31T21:20:44","slug":"ljosmyndir","status":"publish","type":"page","link":"https:\/\/harka.is\/index.php\/ljosmyndir\/","title":{"rendered":"Lj\u00f3smyndir"},"content":{"rendered":"<p>[et_pb_section fb_built=&#8220;1&#8243; admin_label=&#8220;About&#8220; _builder_version=&#8220;4.16&#8243; global_colors_info=&#8220;{}&#8220;][et_pb_row _builder_version=&#8220;4.16&#8243; _module_preset=&#8220;default&#8220; global_colors_info=&#8220;{}&#8220;][et_pb_column type=&#8220;4_4&#8243; _builder_version=&#8220;4.16&#8243; _module_preset=&#8220;default&#8220; global_colors_info=&#8220;{}&#8220;][et_pb_text _builder_version=&#8220;4.21.0&#8243; _module_preset=&#8220;default&#8220; header_font=&#8220;Playfair Display||||||||&#8220; header_text_align=&#8220;center&#8220; text_orientation=&#8220;center&#8220; hover_enabled=&#8220;0&#8243; global_colors_info=&#8220;{}&#8220; sticky_enabled=&#8220;0&#8243;]<\/p>\n<h1>Lakro g\u00f3lfefni og Harka Glans<\/h1>\n<p>Nokkrar byggingar \u00fear sem LAKRO g\u00f3lfefni\u00f0 e\u00f0a Harka Glans kerfi\u00f0 er nota\u00f0[\/et_pb_text][et_pb_gallery gallery_ids=&#8220;81,82,83,84,85,86,87,88,89,90,91,92,93,200,201,202,203,204,205,206,207&#8243; posts_number=&#8220;13&#8243; show_title_and_caption=&#8220;off&#8220; _builder_version=&#8220;4.21.0&#8243; _module_preset=&#8220;default&#8220; hover_enabled=&#8220;0&#8243; global_colors_info=&#8220;{}&#8220; sticky_enabled=&#8220;0&#8243;][\/et_pb_gallery][\/et_pb_column][\/et_pb_row][\/et_pb_section]<\/p>\n","protected":false},"excerpt":{"rendered":"<p>Lakro g\u00f3lfefni og Harka Glans Nokkrar byggingar \u00fear sem LAKRO g\u00f3lfefni\u00f0 e\u00f0a Harka Glans kerfi\u00f0 er nota\u00f0<\/p>\n","protected":false},"author":1,"featured_media":0,"parent":0,"menu_order":0,"comment_status":"closed","ping_status":"closed","template":"","meta":{"_et_pb_use_builder":"on","_et_pb_old_content":"","_et_gb_content_width":"","_monsterinsights_skip_tracking":false,"_monsterinsights_sitenote_active":false,"_monsterinsights_sitenote_note":"","_monsterinsights_sitenote_category":0,"footnotes":""},"class_list":["post-51","page","type-page","status-publish","hentry"],"_links":{"self":[{"href":"https:\/\/harka.is\/index.php\/wp-json\/wp\/v2\/pages\/51","targetHints":{"allow":["GET"]}}],"collection":[{"href":"https:\/\/harka.is\/index.php\/wp-json\/wp\/v2\/pages"}],"about":[{"href":"https:\/\/harka.is\/index.php\/wp-json\/wp\/v2\/types\/page"}],"author":[{"embeddable":true,"href":"https:\/\/harka.is\/index.php\/wp-json\/wp\/v2\/users\/1"}],"replies":[{"embeddable":true,"href":"https:\/\/harka.is\/index.php\/wp-json\/wp\/v2\/comments?post=51"}],"version-history":[{"count":7,"href":"https:\/\/harka.is\/index.php\/wp-json\/wp\/v2\/pages\/51\/revisions"}],"predecessor-version":[{"id":209,"href":"https:\/\/harka.is\/index.php\/wp-json\/wp\/v2\/pages\/51\/revisions\/209"}],"wp:attachment":[{"href":"https:\/\/harka.is\/index.php\/wp-json\/wp\/v2\/media?parent=51"}],"curies":[{"name":"wp","href":"https:\/\/api.w.org\/{rel}","templated":true}]}}